{"id":19,"date":"2025-12-21T09:57:06","date_gmt":"2025-12-21T09:57:06","guid":{"rendered":"https:\/\/kv.aloa.hu\/?page_id=19"},"modified":"2025-12-21T09:57:06","modified_gmt":"2025-12-21T09:57:06","slug":"koszonto","status":"publish","type":"page","link":"https:\/\/kv.aloa.hu\/index.php\/koszonto\/","title":{"rendered":"K\u00f6sz\u00f6nt\u0151"},"content":{"rendered":"<h2 data-start=\"752\" data-end=\"769\">Kinek k\u00e9sz\u00fclt?<\/h2>\n<p data-start=\"771\" data-end=\"788\">Ez az oldal sz\u00f3l:<\/p>\n<ul data-start=\"789\" data-end=\"1043\">\n<li data-start=\"789\" data-end=\"851\">\n<p data-start=\"791\" data-end=\"851\">azoknak, akik a Fideszre szavaztak, de <strong data-start=\"830\" data-end=\"850\">k\u00e9rd\u00e9seik vannak<\/strong>,<\/p>\n<\/li>\n<li data-start=\"852\" data-end=\"913\">\n<p data-start=\"854\" data-end=\"913\">azoknak, akik ellenz\u00e9kiek, de <strong data-start=\"884\" data-end=\"912\">nem jelszavakat keresnek<\/strong>,<\/p>\n<\/li>\n<li data-start=\"914\" data-end=\"969\">\n<p data-start=\"916\" data-end=\"969\">azoknak, akik \u00e9rteni szeretn\u00e9k, <strong data-start=\"948\" data-end=\"968\">mi mi\u00e9rt t\u00f6rt\u00e9nt<\/strong>,<\/p>\n<\/li>\n<li data-start=\"970\" data-end=\"1043\">\n<p data-start=\"972\" data-end=\"1043\">\u00e9s azoknak is, akik nem akarnak politikai vit\u00e1t, csak tiszt\u00e1bban l\u00e1tni.<\/p>\n<\/li>\n<\/ul>\n<p data-start=\"1045\" data-end=\"1122\">Nem kell egyet\u00e9rtened az oldallal.<br data-start=\"1079\" data-end=\"1082\" \/>El\u00e9g, ha hajland\u00f3 vagy <strong data-start=\"1105\" data-end=\"1121\">v\u00e9gigolvasni<\/strong>.<\/p>\n","protected":false},"excerpt":{"rendered":"<p>Kinek k\u00e9sz\u00fclt? Ez az oldal sz\u00f3l: azoknak, akik a Fideszre szavaztak, de k\u00e9rd\u00e9seik vannak, azoknak, akik ellenz\u00e9kiek, de nem jelszavakat keresnek, azoknak, akik \u00e9rteni szeretn\u00e9k, mi mi\u00e9rt t\u00f6rt\u00e9nt, \u00e9s azoknak is, akik nem akarnak politikai vit\u00e1t, csak tiszt\u00e1bban l\u00e1tni. Nem kell egyet\u00e9rtened az oldallal.El\u00e9g, ha hajland\u00f3 vagy v\u00e9gigolvasni.<\/p>\n","protected":false},"author":1,"featured_media":0,"parent":0,"menu_order":0,"comment_status":"closed","ping_status":"closed","template":"","meta":{"footnotes":""},"class_list":["post-19","page","type-page","status-publish"],"_links":{"self":[{"href":"https:\/\/kv.aloa.hu\/index.php\/wp-json\/wp\/v2\/pages\/19","targetHints":{"allow":["GET"]}}],"collection":[{"href":"https:\/\/kv.aloa.hu\/index.php\/wp-json\/wp\/v2\/pages"}],"about":[{"href":"https:\/\/kv.aloa.hu\/index.php\/wp-json\/wp\/v2\/types\/page"}],"author":[{"embeddable":true,"href":"https:\/\/kv.aloa.hu\/index.php\/wp-json\/wp\/v2\/users\/1"}],"replies":[{"embeddable":true,"href":"https:\/\/kv.aloa.hu\/index.php\/wp-json\/wp\/v2\/comments?post=19"}],"version-history":[{"count":1,"href":"https:\/\/kv.aloa.hu\/index.php\/wp-json\/wp\/v2\/pages\/19\/revisions"}],"predecessor-version":[{"id":20,"href":"https:\/\/kv.aloa.hu\/index.php\/wp-json\/wp\/v2\/pages\/19\/revisions\/20"}],"wp:attachment":[{"href":"https:\/\/kv.aloa.hu\/index.php\/wp-json\/wp\/v2\/media?parent=19"}],"curies":[{"name":"wp","href":"https:\/\/api.w.org\/{rel}","templated":true}]}}